{"id":235,"date":"2021-01-25T18:47:14","date_gmt":"2021-01-25T17:47:14","guid":{"rendered":"http:\/\/volleyplargentan.fr\/?page_id=235"},"modified":"2021-09-15T16:20:32","modified_gmt":"2021-09-15T14:20:32","slug":"horaires-entrainements-m15","status":"publish","type":"page","link":"https:\/\/volleyplargentan.fr\/?page_id=235","title":{"rendered":"Horaires entra\u00eenements M15"},"content":{"rendered":"\n<p><strong>Pour la saison 2021-2022 : les entrainements M15 se feront tout les mardis de 17h45 \u00e0 19h15 et les vendredis de 18h \u00e0 19h30 au gymnase Pelchat \u00e0 Argentan<\/strong><\/p>\n","protected":false},"excerpt":{"rendered":"<p>Pour la saison 2021-2022 : les entrainements M15 se feront tout les mardis de 17h45 \u00e0 19h15 et les vendredis de 18h \u00e0 19h30 au gymnase Pelchat \u00e0 Argentan<\/p>\n","protected":false},"author":1,"featured_media":0,"parent":0,"menu_order":0,"comment_status":"closed","ping_status":"closed","template":"","meta":{"footnotes":""},"class_list":["post-235","page","type-page","status-publish","hentry"],"_links":{"self":[{"href":"https:\/\/volleyplargentan.fr\/index.php?rest_route=\/wp\/v2\/pages\/235","targetHints":{"allow":["GET"]}}],"collection":[{"href":"https:\/\/volleyplargentan.fr\/index.php?rest_route=\/wp\/v2\/pages"}],"about":[{"href":"https:\/\/volleyplargentan.fr\/index.php?rest_route=\/wp\/v2\/types\/page"}],"author":[{"embeddable":true,"href":"https:\/\/volleyplargentan.fr\/index.php?rest_route=\/wp\/v2\/users\/1"}],"replies":[{"embeddable":true,"href":"https:\/\/volleyplargentan.fr\/index.php?rest_route=%2Fwp%2Fv2%2Fcomments&post=235"}],"version-history":[{"count":2,"href":"https:\/\/volleyplargentan.fr\/index.php?rest_route=\/wp\/v2\/pages\/235\/revisions"}],"predecessor-version":[{"id":484,"href":"https:\/\/volleyplargentan.fr\/index.php?rest_route=\/wp\/v2\/pages\/235\/revisions\/484"}],"wp:attachment":[{"href":"https:\/\/volleyplargentan.fr\/index.php?rest_route=%2Fwp%2Fv2%2Fmedia&parent=235"}],"curies":[{"name":"wp","href":"https:\/\/api.w.org\/{rel}","templated":true}]}}